{"id":3966,"date":"2022-02-23T17:54:19","date_gmt":"2022-02-23T16:54:19","guid":{"rendered":"https:\/\/www.tunnelsicherheit.at\/garagenwarnanlagen\/"},"modified":"2022-02-24T08:26:06","modified_gmt":"2022-02-24T07:26:06","slug":"garagenwarnanlagen","status":"publish","type":"page","link":"https:\/\/www.tunnelsicherheit.at\/en\/garagenwarnanlagen\/","title":{"rendered":"Garagenwarnanlagen"},"content":{"rendered":"<div  class='flex_column av-av_one_half-516b7eac7a9c6cd1b746245801c7486c av_one_half  avia-builder-el-0  el_before_av_one_half  avia-builder-el-first  first flex_column_div  '     ><section  class='av_textblock_section av-kzzrhrw8-8f22f0b420c4b27d77542601367a9397 '   itemscope=\"itemscope\" itemtype=\"https:\/\/schema.org\/CreativeWork\" ><div class='avia_textblock'  itemprop=\"text\" ><p><strong>CO Mess- und Garagenwarnanlagen <\/strong><\/p>\n<p>gem\u00e4\u00df \u00d6NORM M 9419<\/p>\n<ul>\n<li style=\"text-align: left;\"><strong>Verkauf<\/strong><\/li>\n<li><strong>Wartung<br \/>\n<\/strong><\/li>\n<li><strong>Service<\/strong><\/li>\n<li><strong>Reparatur<br \/>\n<\/strong><\/li>\n<\/ul>\n<p>F\u00fcr weitere Informationen, Planungshilfen, Ausschreibungstexte, Angebote, Wartungs- und Reparaturanfragen kontaktieren Sie uns bitte!<\/p>\n<\/div><\/section><\/div><div  class='flex_column av-av_one_half-f73a11ccd29996a2a11249d534554c23 av_one_half  avia-builder-el-2  el_after_av_one_half  el_before_av_one_half  flex_column_div  '     ><section  class='av_textblock_section av-kzzrk92y-10dbb9a6b175747fc61de9328adec34e '   itemscope=\"itemscope\" itemtype=\"https:\/\/schema.org\/CreativeWork\" ><div class='avia_textblock'  itemprop=\"text\" ><p><a href=\"https:\/\/i0.wp.com\/www.tunnelsicherheit.at\/wp-content\/uploads\/2022\/02\/JES_Garage_Komponenten-300x206.png?ssl=1\"><img data-recalc-dims=\"1\" loading=\"lazy\" decoding=\"async\" class=\"alignnone wp-image-3959\" src=\"https:\/\/i0.wp.com\/www.tunnelsicherheit.at\/wp-content\/uploads\/2022\/02\/JES_Garage_Komponenten.png?resize=436%2C299&#038;ssl=1\" alt=\"\" width=\"436\" height=\"299\" data-wp-pid=\"3958\" srcset=\"https:\/\/i0.wp.com\/www.tunnelsicherheit.at\/wp-content\/uploads\/2022\/02\/JES_Garage_Komponenten.png?resize=300%2C206&amp;ssl=1 300w, https:\/\/i0.wp.com\/www.tunnelsicherheit.at\/wp-content\/uploads\/2022\/02\/JES_Garage_Komponenten.png?resize=1030%2C708&amp;ssl=1 1030w, https:\/\/i0.wp.com\/www.tunnelsicherheit.at\/wp-content\/uploads\/2022\/02\/JES_Garage_Komponenten.png?resize=768%2C528&amp;ssl=1 768w, https:\/\/i0.wp.com\/www.tunnelsicherheit.at\/wp-content\/uploads\/2022\/02\/JES_Garage_Komponenten.png?resize=1536%2C1055&amp;ssl=1 1536w, https:\/\/i0.wp.com\/www.tunnelsicherheit.at\/wp-content\/uploads\/2022\/02\/JES_Garage_Komponenten.png?resize=2048%2C1407&amp;ssl=1 2048w, https:\/\/i0.wp.com\/www.tunnelsicherheit.at\/wp-content\/uploads\/2022\/02\/JES_Garage_Komponenten.png?resize=1500%2C1030&amp;ssl=1 1500w, https:\/\/i0.wp.com\/www.tunnelsicherheit.at\/wp-content\/uploads\/2022\/02\/JES_Garage_Komponenten.png?resize=705%2C484&amp;ssl=1 705w, https:\/\/i0.wp.com\/www.tunnelsicherheit.at\/wp-content\/uploads\/2022\/02\/JES_Garage_Komponenten.png?resize=800%2C550&amp;ssl=1 800w\" sizes=\"auto, (max-width: 436px) 100vw, 436px\" \/><\/a><\/p>\n<\/div><\/section><\/div><div  class='flex_column av-av_one_half-516b7eac7a9c6cd1b746245801c7486c av_one_half  avia-builder-el-4  el_after_av_one_half  el_before_av_one_half  first flex_column_div  column-top-margin'     ><section  class='av_textblock_section av-av_textblock-18ec860c7e07088d2c0a993b614e8019 '   itemscope=\"itemscope\" itemtype=\"https:\/\/schema.org\/CreativeWork\" ><div class='avia_textblock'  itemprop=\"text\" ><p><strong>JES Elektrotechnik GmbH<\/strong><br \/>\nWiestal Landesstra\u00dfe 37<br \/>\n5400 Hallein<br \/>\n\u00d6sterreich<\/p>\n<p><strong>Telefon<\/strong> +43 6245 81785<br \/>\n<strong>Fax<\/strong> +43 6245 81785-600<\/p>\n<\/div><\/section><\/div><\/p>\n<div  class='flex_column av-av_one_half-f73a11ccd29996a2a11249d534554c23 av_one_half  avia-builder-el-6  el_after_av_one_half  avia-builder-el-last  flex_column_div  column-top-margin'     ><section  class='av_textblock_section av-kzzrc7zh-e6492223cdad5fc4776715e1b3dfcdcd '   itemscope=\"itemscope\" itemtype=\"https:\/\/schema.org\/CreativeWork\" ><div class='avia_textblock'  itemprop=\"text\" ><p><strong>Email<\/strong> office@garagenwarnanlagen.at<br \/>\n<strong>Web<\/strong> www.garagenwarnanlagen.at<\/p>\n<p><strong>B\u00fcrozeiten<\/strong><br \/>\nMontag &#8211; Donnerstag 08:00 &#8211; 12:00 Uhr und 13:00 &#8211; 17:30 Uhr<br \/>\nFreitag 08:00 &#8211; 12:30<\/p>\n<\/div><\/section><\/div>\n","protected":false},"excerpt":{"rendered":"<p>CO Mess- und Garagenwarnanlagen gem\u00e4\u00df \u00d6NORM M 9419. Verkauf von Komponenten und Komplettanlagen. Wartung, Service und Reparatur auf Anfrage.<\/p>\n","protected":false},"author":2,"featured_media":3959,"parent":0,"menu_order":6,"comment_status":"closed","ping_status":"closed","template":"","meta":{"footnotes":""},"page_tag":[341,339,344,342,340,343],"class_list":["post-3966","page","type-page","status-publish","has-post-thumbnail","hentry"],"yoast_head":"<!-- This site is optimized with the Yoast SEO plugin v27.4 - https:\/\/yoast.com\/product\/yoast-seo-wordpress\/ -->\n<title>Garagenwarnanlagen - JES tunnelsafety.at<\/title>\n<meta name=\"robots\" content=\"index, follow, max-snippet:-1, max-image-preview:large, max-video-preview:-1\" \/>\n<link rel=\"canonical\" href=\"https:\/\/www.tunnelsicherheit.at\/en\/garagenwarnanlagen\/\" \/>\n<script type=\"application\/ld+json\" class=\"yoast-schema-graph\">{\"@context\":\"https:\\\/\\\/schema.org\",\"@graph\":[{\"@type\":\"BreadcrumbList\",\"@id\":\"https:\\\/\\\/www.tunnelsicherheit.at\\\/en\\\/garagenwarnanlagen\\\/#breadcrumb\",\"itemListElement\":[{\"@type\":\"ListItem\",\"position\":1,\"name\":\"Home\",\"item\":\"https:\\\/\\\/www.tunnelsicherheit.at\\\/en\\\/home\\\/\"},{\"@type\":\"ListItem\",\"position\":2,\"name\":\"Garagenwarnanlagen\"}]}]}<\/script>\n<!-- \/ Yoast SEO plugin. -->","yoast_head_json":{"title":"Garagenwarnanlagen - JES tunnelsafety.at","robots":{"index":"index","follow":"follow","max-snippet":"max-snippet:-1","max-image-preview":"max-image-preview:large","max-video-preview":"max-video-preview:-1"},"canonical":"https:\/\/www.tunnelsicherheit.at\/en\/garagenwarnanlagen\/","schema":{"@context":"https:\/\/schema.org","@graph":[{"@type":"BreadcrumbList","@id":"https:\/\/www.tunnelsicherheit.at\/en\/garagenwarnanlagen\/#breadcrumb","itemListElement":[{"@type":"ListItem","position":1,"name":"Home","item":"https:\/\/www.tunnelsicherheit.at\/en\/home\/"},{"@type":"ListItem","position":2,"name":"Garagenwarnanlagen"}]}]}},"jetpack_sharing_enabled":true,"_links":{"self":[{"href":"https:\/\/www.tunnelsicherheit.at\/en\/wp-json\/wp\/v2\/pages\/3966","targetHints":{"allow":["GET"]}}],"collection":[{"href":"https:\/\/www.tunnelsicherheit.at\/en\/wp-json\/wp\/v2\/pages"}],"about":[{"href":"https:\/\/www.tunnelsicherheit.at\/en\/wp-json\/wp\/v2\/types\/page"}],"author":[{"embeddable":true,"href":"https:\/\/www.tunnelsicherheit.at\/en\/wp-json\/wp\/v2\/users\/2"}],"replies":[{"embeddable":true,"href":"https:\/\/www.tunnelsicherheit.at\/en\/wp-json\/wp\/v2\/comments?post=3966"}],"version-history":[{"count":9,"href":"https:\/\/www.tunnelsicherheit.at\/en\/wp-json\/wp\/v2\/pages\/3966\/revisions"}],"predecessor-version":[{"id":3987,"href":"https:\/\/www.tunnelsicherheit.at\/en\/wp-json\/wp\/v2\/pages\/3966\/revisions\/3987"}],"wp:featuredmedia":[{"embeddable":true,"href":"https:\/\/www.tunnelsicherheit.at\/en\/wp-json\/wp\/v2\/media\/3959"}],"wp:attachment":[{"href":"https:\/\/www.tunnelsicherheit.at\/en\/wp-json\/wp\/v2\/media?parent=3966"}],"wp:term":[{"taxonomy":"page_tag","embeddable":true,"href":"https:\/\/www.tunnelsicherheit.at\/en\/wp-json\/wp\/v2\/page_tag?post=3966"}],"curies":[{"name":"wp","href":"https:\/\/api.w.org\/{rel}","templated":true}]}}