{"id":3151,"date":"2020-05-06T16:06:49","date_gmt":"2020-05-06T14:06:49","guid":{"rendered":"http:\/\/www.tunnelsicherheit.at\/?page_id=3151"},"modified":"2023-10-31T12:38:18","modified_gmt":"2023-10-31T11:38:18","slug":"gta","status":"publish","type":"page","link":"https:\/\/www.tunnelsicherheit.at\/en\/gta\/","title":{"rendered":"General Terms of Agreement"},"content":{"rendered":"<div  class='flex_column av-4x2cze-72773a5b7f6d72944ee7fffe0948d5c8 av_one_full  avia-builder-el-0  avia-builder-el-no-sibling  first flex_column_div  '     ><p>\n<style type=\"text\/css\" data-created_by=\"avia_inline_auto\" id=\"style-css-av-2k6m02-53cbef7fc399496a04fc17b30f3a214f\">\n#top .av-special-heading.av-2k6m02-53cbef7fc399496a04fc17b30f3a214f{\npadding-bottom:10px;\n}\nbody .av-special-heading.av-2k6m02-53cbef7fc399496a04fc17b30f3a214f .av-special-heading-tag .heading-char{\nfont-size:25px;\n}\n.av-special-heading.av-2k6m02-53cbef7fc399496a04fc17b30f3a214f .av-subheading{\nfont-size:15px;\n}\n<\/style>\n<div  class='av-special-heading av-2k6m02-53cbef7fc399496a04fc17b30f3a214f av-special-heading-h3  avia-builder-el-1  el_before_av_textblock  avia-builder-el-first '><h3 class='av-special-heading-tag '  itemprop=\"headline\"  >General Terms of Agreement<\/h3><div class=\"special-heading-border\"><div class=\"special-heading-inner-border\"><\/div><\/div><\/div><br \/>\n<section  class='av_textblock_section av-jncysp88-b27c19d86aa59b72f8b20cddeb1963cf '   itemscope=\"itemscope\" itemtype=\"https:\/\/schema.org\/CreativeWork\" ><div class='avia_textblock'  itemprop=\"text\" ><h4>Deutsch<\/h4>\n<ul>\n<li><a href=\"\/wp-content\/uploads\/2023\/10\/JES_Lieferbedingungen_DE.pdf\" target=\"_blank\" rel=\"noopener\">Allgemeine Lieferbedingungen<\/a><\/li>\n<li><a href=\"\/wp-content\/uploads\/2023\/10\/JES_Wartungsbedingungen_DE.pdf\" target=\"_blank\" rel=\"noopener\">Allgemeine Wartungsbedingungen<\/a><\/li>\n<li><a href=\"\/wp-content\/uploads\/2023\/10\/JES_Softwarebedingungen_DE.pdf\" target=\"_blank\" rel=\"noopener\">Allgemeine Softwarebedingungen<\/a><\/li>\n<\/ul>\n<h4><\/h4>\n<h4>English<\/h4>\n<ul>\n<li><a href=\"\/wp-content\/uploads\/2023\/10\/JES_Lieferbedingungen_EN.pdf\" target=\"_blank\" rel=\"noopener\">General Terms of Delivery<\/a><\/li>\n<li><a href=\"\/uploads\/2023\/10\/JES_Wartungsbedingungen_EN.pdf\" target=\"_blank\" rel=\"noopener\">General Terms &amp; Conditions of Maintenance<\/a><\/li>\n<\/ul>\n<h4>Espa\u00f1ol<\/h4>\n<ul>\n<li><a href=\"\/wp-content\/uploads\/2023\/10\/JES_Lieferbedingungen_ES.pdf\" target=\"_blank\" rel=\"noopener\">Condiciones generales de entegra<\/a><\/li>\n<li><a href=\"\/wp-content\/uploads\/2023\/10\/JES_Wartungsbedingungen_ES.pdf\" target=\"_blank\" rel=\"noopener\">Condiciones generales des conservaci\u00f3n y mantenimiento<\/a><\/li>\n<\/ul>\n<h4>Portugu\u00eas<\/h4>\n<ul>\n<li><a href=\"\/wp-content\/uploads\/2023\/10\/JES_Lieferbedingungen_PT.pdf\" target=\"_blank\" rel=\"noopener\">Condi\u00e7\u00f5es Gerais de Entrega<\/a><\/li>\n<li><a href=\"\/wp-content\/uploads\/2023\/10\/JES_Wartungsbedingungen_PT.pdf\" target=\"_blank\" rel=\"noopener\">Condi\u00e7\u00f5es Gerais de Repara\u00e7\u00e3o e Manuten\u00e7\u00e3o<\/a><\/li>\n<\/ul>\n<\/div><\/section><\/p><\/div>\n","protected":false},"excerpt":{"rendered":"","protected":false},"author":2,"featured_media":0,"parent":0,"menu_order":0,"comment_status":"closed","ping_status":"closed","template":"","meta":{"footnotes":""},"page_tag":[],"class_list":["post-3151","page","type-page","status-publish","hentry"],"yoast_head":"<!-- This site is optimized with the Yoast SEO plugin v27.4 - https:\/\/yoast.com\/product\/yoast-seo-wordpress\/ -->\n<title>General Terms of Agreement - JES tunnelsafety.at<\/title>\n<meta name=\"robots\" content=\"index, follow, max-snippet:-1, max-image-preview:large, max-video-preview:-1\" \/>\n<link rel=\"canonical\" href=\"https:\/\/www.tunnelsicherheit.at\/en\/gta\/\" \/>\n<script type=\"application\/ld+json\" class=\"yoast-schema-graph\">{\"@context\":\"https:\\\/\\\/schema.org\",\"@graph\":[{\"@type\":\"BreadcrumbList\",\"@id\":\"https:\\\/\\\/www.tunnelsicherheit.at\\\/en\\\/gta\\\/#breadcrumb\",\"itemListElement\":[{\"@type\":\"ListItem\",\"position\":1,\"name\":\"Home\",\"item\":\"https:\\\/\\\/www.tunnelsicherheit.at\\\/en\\\/home\\\/\"},{\"@type\":\"ListItem\",\"position\":2,\"name\":\"General Terms of Agreement\"}]}]}<\/script>\n<!-- \/ Yoast SEO plugin. -->","yoast_head_json":{"title":"General Terms of Agreement - JES tunnelsafety.at","robots":{"index":"index","follow":"follow","max-snippet":"max-snippet:-1","max-image-preview":"max-image-preview:large","max-video-preview":"max-video-preview:-1"},"canonical":"https:\/\/www.tunnelsicherheit.at\/en\/gta\/","schema":{"@context":"https:\/\/schema.org","@graph":[{"@type":"BreadcrumbList","@id":"https:\/\/www.tunnelsicherheit.at\/en\/gta\/#breadcrumb","itemListElement":[{"@type":"ListItem","position":1,"name":"Home","item":"https:\/\/www.tunnelsicherheit.at\/en\/home\/"},{"@type":"ListItem","position":2,"name":"General Terms of Agreement"}]}]}},"jetpack_sharing_enabled":true,"_links":{"self":[{"href":"https:\/\/www.tunnelsicherheit.at\/en\/wp-json\/wp\/v2\/pages\/3151","targetHints":{"allow":["GET"]}}],"collection":[{"href":"https:\/\/www.tunnelsicherheit.at\/en\/wp-json\/wp\/v2\/pages"}],"about":[{"href":"https:\/\/www.tunnelsicherheit.at\/en\/wp-json\/wp\/v2\/types\/page"}],"author":[{"embeddable":true,"href":"https:\/\/www.tunnelsicherheit.at\/en\/wp-json\/wp\/v2\/users\/2"}],"replies":[{"embeddable":true,"href":"https:\/\/www.tunnelsicherheit.at\/en\/wp-json\/wp\/v2\/comments?post=3151"}],"version-history":[{"count":12,"href":"https:\/\/www.tunnelsicherheit.at\/en\/wp-json\/wp\/v2\/pages\/3151\/revisions"}],"predecessor-version":[{"id":5667,"href":"https:\/\/www.tunnelsicherheit.at\/en\/wp-json\/wp\/v2\/pages\/3151\/revisions\/5667"}],"wp:attachment":[{"href":"https:\/\/www.tunnelsicherheit.at\/en\/wp-json\/wp\/v2\/media?parent=3151"}],"wp:term":[{"taxonomy":"page_tag","embeddable":true,"href":"https:\/\/www.tunnelsicherheit.at\/en\/wp-json\/wp\/v2\/page_tag?post=3151"}],"curies":[{"name":"wp","href":"https:\/\/api.w.org\/{rel}","templated":true}]}}